{"id":20829,"date":"2026-01-02T11:22:32","date_gmt":"2026-01-02T10:22:32","guid":{"rendered":"https:\/\/www.hotelcabana.es\/rooms\/"},"modified":"2026-04-09T09:47:05","modified_gmt":"2026-04-09T07:47:05","slug":"room-list","status":"publish","type":"page","link":"https:\/\/www.hotelcabana.es\/en\/room-list\/","title":{"rendered":"Rooms"},"content":{"rendered":"\t\t<div data-elementor-type=\"wp-page\" data-elementor-id=\"20829\" class=\"elementor elementor-20829 elementor-20628\" data-elementor-post-type=\"page\">\n\t\t\t\t        <section class=\"elementor-section elementor-top-section elementor-element elementor-element-eea2e8a elementor-section-boxed elementor-section-height-default elementor-section-height-default pxl-section-static-pos-no pxl-section-overflow-hidden-no pxl-container-margin-auto-no\" data-id=\"eea2e8a\" data-element_type=\"section\" data-e-type=\"section\">\n\n                \n                <div class=\"elementor-container elementor-column-gap-default \">\n                <div class=\"elementor-column elementor-col-100 elementor-top-column elementor-element elementor-element-7a7c81d col-offset-none pxl-column-element-default pxl-column-overflow-hidden-no\" data-id=\"7a7c81d\" data-element_type=\"column\" data-e-type=\"column\">\r\n        <div class=\"elementor-widget-wrap elementor-element-populated\">\r\n                    \t\t<div class=\"elementor-element elementor-element-b540ab6 elementor-widget elementor-widget-heading\" data-id=\"b540ab6\" data-element_type=\"widget\" data-e-type=\"widget\" data-widget_type=\"heading.default\">\n\t\t\t\t\t<h2 class=\"elementor-heading-title elementor-size-default\">Discover them<\/h2>\t\t\t\t<\/div>\n\t\t                    <\/div>\r\n        <\/div>\r\n        \t\t\t<\/div>\n\t\t<\/section>\n\t\t        <section class=\"elementor-section elementor-top-section elementor-element elementor-element-bf85782 elementor-section-full_width elementor-section-height-default elementor-section-height-default pxl-section-offset-none pxl-section-static-pos-no pxl-section-overflow-hidden-no pxl-container-margin-auto-no\" data-id=\"bf85782\" data-element_type=\"section\" data-e-type=\"section\">\n\n                \n                <div class=\"elementor-container elementor-column-gap-default \">\n                <div class=\"elementor-column elementor-col-100 elementor-top-column elementor-element elementor-element-ef96dba col-offset-none pxl-column-element-default pxl-column-overflow-hidden-no\" data-id=\"ef96dba\" data-element_type=\"column\" data-e-type=\"column\">\r\n        <div class=\"elementor-widget-wrap elementor-element-populated\">\r\n                    \t\t<div class=\"elementor-element elementor-element-9ec8ef2 elementor-widget elementor-widget-pxl_post_list\" data-id=\"9ec8ef2\" data-element_type=\"widget\" data-e-type=\"widget\" data-widget_type=\"pxl_post_list.default\">\n\t\t\t\t<div class=\"elementor-widget-container\">\n\t\t\t\t\t\r\n<div id=\"pxl_post_list-9ec8ef2\" class=\"pxl-grid pxl-post-list post-room-list layout-room-list-3\" data-layout-mode=\"fitRows\" data-start-page=\"1\" data-max-pages=\"1\" data-total=\"3\" data-perpage=\"6\" data-next-link=\"\">\r\n    <div class=\"pxl-grid-overlay\"><\/div>\r\n     \r\n    <div class=\"pxl-grid-inner row relative\"> \r\n                <div class=\"grid-item col-xxl-12 col-xl-12 col-lg-12 col-md-12 col-sm-12 col-12 item-idx-odd\" >\r\n            <div class=\"grid-item-inner item-inner-wrap row  pxl-animate pxl-invisible animated-normal\" data-settings=\"{&quot;animation&quot;:&quot;fadeInRight&quot;,&quot;animation_delay&quot;:150}\">\r\n                                    <div class=\"item-featured col-12 col-xl-7 col-xl-custom\">\r\n                        <div class=\"post-image scale-hover relative\">\r\n                            <img loading=\"lazy\" decoding=\"async\" class=\"img-desktop no-lazyload \" src=\"https:\/\/www.hotelcabana.es\/wp-content\/uploads\/2026\/01\/Hab3-1.png\" width=\"834\" height=\"460\" alt=\"Hab3\" title=\"Hab3\" \/>       \r\n                        <\/div>\r\n                    <\/div>\r\n                                                    <div class=\"item-content col-12 col-xl-5 col-xl-custom\">\r\n                    <div class=\"item-content-inner relative\">\r\n                                                    <div class=\"room-price-wrap\"><span class=\"room-price\"><span class=\"price-lbl\"><\/span> 70&euro; \/ Night<\/span><\/div>\r\n                                                <h3 class=\"item-title\"><a href=\"https:\/\/www.hotelcabana.es\/en\/habitaciones\/standard-double-room\/\">Standard Double Room<\/a><\/h3>\r\n                                                    <div class=\"room-metas d-flex-wrap gx-20 gx-sm-30\">\r\n                                                                    <div class=\"meta-item size d-flex align-items-center\">\r\n                                                                                <span> <span>m<sup>2<\/sup><\/span><\/span>\r\n                                    <\/div>\r\n                                                                                                    <div class=\"meta-item bed d-flex align-items-center\">\r\n                                                                                <span>0 Beds<\/span>\r\n                                    <\/div>\r\n                                                                                                    <div class=\"meta-item guest d-flex align-items-center\">\r\n                                                                                <span>0 Guests<\/span>\r\n                                    <\/div>\r\n                                                                                            <\/div>\r\n                                                                                <div class=\"item-excerpt\">\r\n                                Description From \u20ac70 per night XX m\u00b2 of comfort and design Spacious and bright, the double rooms at Hotel Cabana combine complete services and spaces for everyone: bedroom, terrace with table, bathroom with bathtub, desk, direct dial telephone, safe, satellite television&#8230; XXm2 &nbsp; Max. X people &nbsp; Different compositions &nbsp; Full bathroom with bathtub &nbsp;&hellip;                            <\/div>\r\n                                                \r\n                                                \r\n                                                <div class=\"pxl-divider normal animated\"><div class=\"pxl-divider-separator\"><\/div><\/div>\r\n                                                    <div class=\"item-readmore\">\r\n                                <a href=\"https:\/\/www.hotelcabana.es\/en\/habitaciones\/standard-double-room\/\" class=\"pxl-btn btn-outline\">\r\n                                    <span class=\"pxl-button-text\">More information<\/span> \r\n                                <\/a>\r\n                            <\/div>\r\n                                            <\/div>\r\n                <\/div>\r\n            <\/div>\r\n        <\/div>\r\n                <div class=\"grid-item col-xxl-12 col-xl-12 col-lg-12 col-md-12 col-sm-12 col-12 item-idx-even\" >\r\n            <div class=\"grid-item-inner item-inner-wrap row  pxl-animate pxl-invisible animated-normal\" data-settings=\"{&quot;animation&quot;:&quot;fadeInLeft&quot;,&quot;animation_delay&quot;:150}\">\r\n                                    <div class=\"item-featured col-12 col-xl-7 col-xl-custom\">\r\n                        <div class=\"post-image scale-hover relative\">\r\n                            <img loading=\"lazy\" decoding=\"async\" class=\"img-desktop no-lazyload \" src=\"https:\/\/www.hotelcabana.es\/wp-content\/uploads\/2026\/01\/Hab2-1.png\" width=\"834\" height=\"460\" alt=\"Hab2\" title=\"Hab2\" \/>       \r\n                        <\/div>\r\n                    <\/div>\r\n                                                    <div class=\"item-content col-12 col-xl-5 col-xl-custom\">\r\n                    <div class=\"item-content-inner relative\">\r\n                                                    <div class=\"room-price-wrap\"><span class=\"room-price\"><span class=\"price-lbl\"><\/span> 149&euro; \/ Night<\/span><\/div>\r\n                                                <h3 class=\"item-title\"><a href=\"https:\/\/www.hotelcabana.es\/en\/habitaciones\/quadruple-room\/\">Quadruple Room<\/a><\/h3>\r\n                                                    <div class=\"room-metas d-flex-wrap gx-20 gx-sm-30\">\r\n                                                                    <div class=\"meta-item size d-flex align-items-center\">\r\n                                                                                <span> <span>m<sup>2<\/sup><\/span><\/span>\r\n                                    <\/div>\r\n                                                                                                    <div class=\"meta-item bed d-flex align-items-center\">\r\n                                                                                <span>0 Beds<\/span>\r\n                                    <\/div>\r\n                                                                                                    <div class=\"meta-item guest d-flex align-items-center\">\r\n                                                                                <span>0 Guests<\/span>\r\n                                    <\/div>\r\n                                                                                            <\/div>\r\n                                                                                <div class=\"item-excerpt\">\r\n                                Description From \u20ac149 per night XX m\u00b2 of comfort and design Spacious and bright, the quadruple rooms at Hotel Cabana combine complete services and spaces for everyone: bedroom, terrace with table, bathroom with bathtub, desk, direct dial telephone, safe, satellite television&#8230; XXm2 &nbsp; Max. X people &nbsp; Different compositions &nbsp; Full bathroom with bathtub &nbsp;&hellip;                            <\/div>\r\n                                                \r\n                                                \r\n                                                <div class=\"pxl-divider normal animated\"><div class=\"pxl-divider-separator\"><\/div><\/div>\r\n                                                    <div class=\"item-readmore\">\r\n                                <a href=\"https:\/\/www.hotelcabana.es\/en\/habitaciones\/quadruple-room\/\" class=\"pxl-btn btn-outline\">\r\n                                    <span class=\"pxl-button-text\">More information<\/span> \r\n                                <\/a>\r\n                            <\/div>\r\n                                            <\/div>\r\n                <\/div>\r\n            <\/div>\r\n        <\/div>\r\n                <div class=\"grid-item col-xxl-12 col-xl-12 col-lg-12 col-md-12 col-sm-12 col-12 item-idx-odd\" >\r\n            <div class=\"grid-item-inner item-inner-wrap row  pxl-animate pxl-invisible animated-normal\" data-settings=\"{&quot;animation&quot;:&quot;fadeInRight&quot;,&quot;animation_delay&quot;:150}\">\r\n                                    <div class=\"item-featured col-12 col-xl-7 col-xl-custom\">\r\n                        <div class=\"post-image scale-hover relative\">\r\n                            <img loading=\"lazy\" decoding=\"async\" class=\"img-desktop no-lazyload \" src=\"https:\/\/www.hotelcabana.es\/wp-content\/uploads\/2026\/01\/Hab1-1.png\" width=\"866\" height=\"460\" alt=\"Hab1\" title=\"Hab1\" \/>       \r\n                        <\/div>\r\n                    <\/div>\r\n                                                    <div class=\"item-content col-12 col-xl-5 col-xl-custom\">\r\n                    <div class=\"item-content-inner relative\">\r\n                                                    <div class=\"room-price-wrap\"><span class=\"room-price\"><span class=\"price-lbl\"><\/span> 52&euro; \/ Night<\/span><\/div>\r\n                                                <h3 class=\"item-title\"><a href=\"https:\/\/www.hotelcabana.es\/en\/habitaciones\/double-55-years\/\">Double +55 years<\/a><\/h3>\r\n                                                    <div class=\"room-metas d-flex-wrap gx-20 gx-sm-30\">\r\n                                                                    <div class=\"meta-item size d-flex align-items-center\">\r\n                                                                                <span> <span>m<sup>2<\/sup><\/span><\/span>\r\n                                    <\/div>\r\n                                                                                                    <div class=\"meta-item bed d-flex align-items-center\">\r\n                                                                                <span>0 Beds<\/span>\r\n                                    <\/div>\r\n                                                                                                    <div class=\"meta-item guest d-flex align-items-center\">\r\n                                                                                <span>0 Guests<\/span>\r\n                                    <\/div>\r\n                                                                                            <\/div>\r\n                                                                                <div class=\"item-excerpt\">\r\n                                Description From \u20ac52 per night Similar rooms VIEW ALL ROOMS Double +55 years From 52\u20ac \/ Night Size: m2 SEE ROOMS Quadruple Room From 149\u20ac \/ Night Size: m2 SEE ROOMS Standard Double Room From 70\u20ac \/ Night Size: m2 SEE ROOMS                            <\/div>\r\n                                                \r\n                                                \r\n                                                <div class=\"pxl-divider normal animated\"><div class=\"pxl-divider-separator\"><\/div><\/div>\r\n                                                    <div class=\"item-readmore\">\r\n                                <a href=\"https:\/\/www.hotelcabana.es\/en\/habitaciones\/double-55-years\/\" class=\"pxl-btn btn-outline\">\r\n                                    <span class=\"pxl-button-text\">More information<\/span> \r\n                                <\/a>\r\n                            <\/div>\r\n                                            <\/div>\r\n                <\/div>\r\n            <\/div>\r\n        <\/div>\r\n            <\/div>\r\n    \r\n\r\n            \r\n<\/div>\t\t\t\t<\/div>\n\t\t\t\t<\/div>\n\t\t                    <\/div>\r\n        <\/div>\r\n        \t\t\t<\/div>\n\t\t<\/section>\n\t\t\t\t<\/div>\n\t\t","protected":false},"excerpt":{"rendered":"<p>Discover them 70&euro;\/ Noche Habitaci\u00f3n Doble Est\u00e1ndar m2 0 Camas 0 Personas Discover them 70&euro;\/ Noche Habitaci\u00f3n Doble Est\u00e1ndar m2 0 Camas 0 Personas Descripci\u00f3n Desde 70\u20ac la noche XX m\u00b2 de confort y dise\u00f1o Amplias y luminosas, las habitaciones dobles del Hotel Cabana combinan completos servicios y espacios para todos: dormitorio, terraza con mesa, [&hellip;]<\/p>\n","protected":false},"author":1,"featured_media":0,"parent":0,"menu_order":0,"comment_status":"closed","ping_status":"closed","template":"","meta":{"footnotes":""},"class_list":["post-20829","page","type-page","status-publish","hentry"],"yoast_head":"<!-- This site is optimized with the Yoast SEO plugin v26.9 - https:\/\/yoast.com\/product\/yoast-seo-wordpress\/ -->\n<title>Rooms | Hotel Cabana 3* Benidorm - Official Website<\/title>\n<meta name=\"description\" content=\"Hotel Cabana in Benidorm offers you spacious exterior rooms, perfectly equipped, close to the Poniente Beach. Best Price. Official Website\" \/>\n<meta name=\"robots\" content=\"index, follow, max-snippet:-1, max-image-preview:large, max-video-preview:-1\" \/>\n<link rel=\"canonical\" href=\"https:\/\/www.hotelcabana.es\/habitaciones-list\/\" \/>\n<meta property=\"og:locale\" content=\"en_US\" \/>\n<meta property=\"og:type\" content=\"article\" \/>\n<meta property=\"og:title\" content=\"Rooms | Hotel Cabana 3* Benidorm - Official Website\" \/>\n<meta property=\"og:description\" content=\"Hotel Cabana in Benidorm offers you spacious exterior rooms, perfectly equipped, close to the Poniente Beach. Best Price. Official Website\" \/>\n<meta property=\"og:url\" content=\"https:\/\/www.hotelcabana.es\/habitaciones-list\/\" \/>\n<meta property=\"og:site_name\" content=\"Hotel Cabana\" \/>\n<meta property=\"article:publisher\" content=\"https:\/\/www.facebook.com\/pages\/Cabana-Hotel-Benidorm\/143267079078893\" \/>\n<meta property=\"article:modified_time\" content=\"2026-04-09T07:47:05+00:00\" \/>\n<meta property=\"og:image\" content=\"http:\/\/www.hotelcabana.es\/wp-content\/uploads\/2026\/01\/Hab3.png\" \/>\n<meta name=\"twitter:card\" content=\"summary_large_image\" \/>\n<meta name=\"twitter:label1\" content=\"Est. reading time\" \/>\n\t<meta name=\"twitter:data1\" content=\"2 minutes\" \/>\n<script type=\"application\/ld+json\" class=\"yoast-schema-graph\">{\"@context\":\"https:\/\/schema.org\",\"@graph\":[{\"@type\":\"WebPage\",\"@id\":\"https:\/\/www.hotelcabana.es\/habitaciones-list\/\",\"url\":\"https:\/\/www.hotelcabana.es\/habitaciones-list\/\",\"name\":\"Rooms | Hotel Cabana 3* Benidorm - Official Website\",\"isPartOf\":{\"@id\":\"https:\/\/www.hotelcabana.es\/#website\"},\"primaryImageOfPage\":{\"@id\":\"https:\/\/www.hotelcabana.es\/habitaciones-list\/#primaryimage\"},\"image\":{\"@id\":\"https:\/\/www.hotelcabana.es\/habitaciones-list\/#primaryimage\"},\"thumbnailUrl\":\"http:\/\/www.hotelcabana.es\/wp-content\/uploads\/2026\/01\/Hab3.png\",\"datePublished\":\"2026-01-02T10:22:32+00:00\",\"dateModified\":\"2026-04-09T07:47:05+00:00\",\"description\":\"Hotel Cabana in Benidorm offers you spacious exterior rooms, perfectly equipped, close to the Poniente Beach. Best Price. Official Website\",\"breadcrumb\":{\"@id\":\"https:\/\/www.hotelcabana.es\/habitaciones-list\/#breadcrumb\"},\"inLanguage\":\"en-US\",\"potentialAction\":[{\"@type\":\"ReadAction\",\"target\":[\"https:\/\/www.hotelcabana.es\/habitaciones-list\/\"]}]},{\"@type\":\"ImageObject\",\"inLanguage\":\"en-US\",\"@id\":\"https:\/\/www.hotelcabana.es\/habitaciones-list\/#primaryimage\",\"url\":\"http:\/\/www.hotelcabana.es\/wp-content\/uploads\/2026\/01\/Hab3.png\",\"contentUrl\":\"http:\/\/www.hotelcabana.es\/wp-content\/uploads\/2026\/01\/Hab3.png\"},{\"@type\":\"BreadcrumbList\",\"@id\":\"https:\/\/www.hotelcabana.es\/habitaciones-list\/#breadcrumb\",\"itemListElement\":[{\"@type\":\"ListItem\",\"position\":1,\"name\":\"Portada\",\"item\":\"https:\/\/www.hotelcabana.es\/\"},{\"@type\":\"ListItem\",\"position\":2,\"name\":\"Rooms\"}]},{\"@type\":\"WebSite\",\"@id\":\"https:\/\/www.hotelcabana.es\/#website\",\"url\":\"https:\/\/www.hotelcabana.es\/\",\"name\":\"Hotel Cabana\",\"description\":\"\",\"publisher\":{\"@id\":\"https:\/\/www.hotelcabana.es\/#organization\"},\"potentialAction\":[{\"@type\":\"SearchAction\",\"target\":{\"@type\":\"EntryPoint\",\"urlTemplate\":\"https:\/\/www.hotelcabana.es\/?s={search_term_string}\"},\"query-input\":{\"@type\":\"PropertyValueSpecification\",\"valueRequired\":true,\"valueName\":\"search_term_string\"}}],\"inLanguage\":\"en-US\"},{\"@type\":\"Organization\",\"@id\":\"https:\/\/www.hotelcabana.es\/#organization\",\"name\":\"Hotel Cabana\",\"url\":\"https:\/\/www.hotelcabana.es\/\",\"logo\":{\"@type\":\"ImageObject\",\"inLanguage\":\"en-US\",\"@id\":\"https:\/\/www.hotelcabana.es\/#\/schema\/logo\/image\/\",\"url\":\"https:\/\/www.hotelcabana.es\/wp-content\/uploads\/2024\/02\/logo-azul.png\",\"contentUrl\":\"https:\/\/www.hotelcabana.es\/wp-content\/uploads\/2024\/02\/logo-azul.png\",\"width\":204,\"height\":90,\"caption\":\"Hotel Cabana\"},\"image\":{\"@id\":\"https:\/\/www.hotelcabana.es\/#\/schema\/logo\/image\/\"},\"sameAs\":[\"https:\/\/www.facebook.com\/pages\/Cabana-Hotel-Benidorm\/143267079078893\",\"http:\/\/youtube.com\/channel\/UC93u51w-VW12wRIWPMlIKHA\"]}]}<\/script>\n<!-- \/ Yoast SEO plugin. -->","yoast_head_json":{"title":"Rooms | Hotel Cabana 3* Benidorm - Official Website","description":"Hotel Cabana in Benidorm offers you spacious exterior rooms, perfectly equipped, close to the Poniente Beach. Best Price. Official Website","robots":{"index":"index","follow":"follow","max-snippet":"max-snippet:-1","max-image-preview":"max-image-preview:large","max-video-preview":"max-video-preview:-1"},"canonical":"https:\/\/www.hotelcabana.es\/habitaciones-list\/","og_locale":"en_US","og_type":"article","og_title":"Rooms | Hotel Cabana 3* Benidorm - Official Website","og_description":"Hotel Cabana in Benidorm offers you spacious exterior rooms, perfectly equipped, close to the Poniente Beach. Best Price. Official Website","og_url":"https:\/\/www.hotelcabana.es\/habitaciones-list\/","og_site_name":"Hotel Cabana","article_publisher":"https:\/\/www.facebook.com\/pages\/Cabana-Hotel-Benidorm\/143267079078893","article_modified_time":"2026-04-09T07:47:05+00:00","og_image":[{"url":"http:\/\/www.hotelcabana.es\/wp-content\/uploads\/2026\/01\/Hab3.png","type":"","width":"","height":""}],"twitter_card":"summary_large_image","twitter_misc":{"Est. reading time":"2 minutes"},"schema":{"@context":"https:\/\/schema.org","@graph":[{"@type":"WebPage","@id":"https:\/\/www.hotelcabana.es\/habitaciones-list\/","url":"https:\/\/www.hotelcabana.es\/habitaciones-list\/","name":"Rooms | Hotel Cabana 3* Benidorm - Official Website","isPartOf":{"@id":"https:\/\/www.hotelcabana.es\/#website"},"primaryImageOfPage":{"@id":"https:\/\/www.hotelcabana.es\/habitaciones-list\/#primaryimage"},"image":{"@id":"https:\/\/www.hotelcabana.es\/habitaciones-list\/#primaryimage"},"thumbnailUrl":"http:\/\/www.hotelcabana.es\/wp-content\/uploads\/2026\/01\/Hab3.png","datePublished":"2026-01-02T10:22:32+00:00","dateModified":"2026-04-09T07:47:05+00:00","description":"Hotel Cabana in Benidorm offers you spacious exterior rooms, perfectly equipped, close to the Poniente Beach. Best Price. Official Website","breadcrumb":{"@id":"https:\/\/www.hotelcabana.es\/habitaciones-list\/#breadcrumb"},"inLanguage":"en-US","potentialAction":[{"@type":"ReadAction","target":["https:\/\/www.hotelcabana.es\/habitaciones-list\/"]}]},{"@type":"ImageObject","inLanguage":"en-US","@id":"https:\/\/www.hotelcabana.es\/habitaciones-list\/#primaryimage","url":"http:\/\/www.hotelcabana.es\/wp-content\/uploads\/2026\/01\/Hab3.png","contentUrl":"http:\/\/www.hotelcabana.es\/wp-content\/uploads\/2026\/01\/Hab3.png"},{"@type":"BreadcrumbList","@id":"https:\/\/www.hotelcabana.es\/habitaciones-list\/#breadcrumb","itemListElement":[{"@type":"ListItem","position":1,"name":"Portada","item":"https:\/\/www.hotelcabana.es\/"},{"@type":"ListItem","position":2,"name":"Rooms"}]},{"@type":"WebSite","@id":"https:\/\/www.hotelcabana.es\/#website","url":"https:\/\/www.hotelcabana.es\/","name":"Hotel Cabana","description":"","publisher":{"@id":"https:\/\/www.hotelcabana.es\/#organization"},"potentialAction":[{"@type":"SearchAction","target":{"@type":"EntryPoint","urlTemplate":"https:\/\/www.hotelcabana.es\/?s={search_term_string}"},"query-input":{"@type":"PropertyValueSpecification","valueRequired":true,"valueName":"search_term_string"}}],"inLanguage":"en-US"},{"@type":"Organization","@id":"https:\/\/www.hotelcabana.es\/#organization","name":"Hotel Cabana","url":"https:\/\/www.hotelcabana.es\/","logo":{"@type":"ImageObject","inLanguage":"en-US","@id":"https:\/\/www.hotelcabana.es\/#\/schema\/logo\/image\/","url":"https:\/\/www.hotelcabana.es\/wp-content\/uploads\/2024\/02\/logo-azul.png","contentUrl":"https:\/\/www.hotelcabana.es\/wp-content\/uploads\/2024\/02\/logo-azul.png","width":204,"height":90,"caption":"Hotel Cabana"},"image":{"@id":"https:\/\/www.hotelcabana.es\/#\/schema\/logo\/image\/"},"sameAs":["https:\/\/www.facebook.com\/pages\/Cabana-Hotel-Benidorm\/143267079078893","http:\/\/youtube.com\/channel\/UC93u51w-VW12wRIWPMlIKHA"]}]}},"_links":{"self":[{"href":"https:\/\/www.hotelcabana.es\/en\/wp-json\/wp\/v2\/pages\/20829","targetHints":{"allow":["GET"]}}],"collection":[{"href":"https:\/\/www.hotelcabana.es\/en\/wp-json\/wp\/v2\/pages"}],"about":[{"href":"https:\/\/www.hotelcabana.es\/en\/wp-json\/wp\/v2\/types\/page"}],"author":[{"embeddable":true,"href":"https:\/\/www.hotelcabana.es\/en\/wp-json\/wp\/v2\/users\/1"}],"replies":[{"embeddable":true,"href":"https:\/\/www.hotelcabana.es\/en\/wp-json\/wp\/v2\/comments?post=20829"}],"version-history":[{"count":12,"href":"https:\/\/www.hotelcabana.es\/en\/wp-json\/wp\/v2\/pages\/20829\/revisions"}],"predecessor-version":[{"id":22053,"href":"https:\/\/www.hotelcabana.es\/en\/wp-json\/wp\/v2\/pages\/20829\/revisions\/22053"}],"wp:attachment":[{"href":"https:\/\/www.hotelcabana.es\/en\/wp-json\/wp\/v2\/media?parent=20829"}],"curies":[{"name":"wp","href":"https:\/\/api.w.org\/{rel}","templated":true}]}}